{"id":3578,"date":"2019-09-25T16:35:37","date_gmt":"2019-09-25T14:35:37","guid":{"rendered":"https:\/\/www.sdcolor.it\/cookies-policy\/"},"modified":"2019-09-25T16:35:37","modified_gmt":"2019-09-25T14:35:37","slug":"cookies-policy","status":"publish","type":"page","link":"https:\/\/www.sdcolor.it\/en\/cookies-policy\/","title":{"rendered":"Cookies policy"},"content":{"rendered":"<div class=\"wpb-content-wrapper\"><p>[vc_row][vc_column][vc_custom_heading text=&#8221;Cookies Policy&#8221; font_container=&#8221;tag:h1|font_size:68|text_align:center&#8221; use_theme_fonts=&#8221;yes&#8221;][vc_empty_space woodmart_hide_large=&#8221;0&#8243; woodmart_hide_medium=&#8221;0&#8243; woodmart_hide_small=&#8221;0&#8243; woodmart_hide_extra_small=&#8221;0&#8243;][vc_column_text text_larger=&#8221;no&#8221;]<\/p>\n<p><strong>Informativa sul trattamento dei dati personali ex artt. 13-14 Reg.to UE 2016\/679<\/strong><\/p>\n<p><em>Soggetti Interessati: Navigatori Sito Internet SD Color.<\/em><\/p>\n<p>SD Color Srl nella qualit\u00e0 di Titolare del trattamento dei Suoi dati personali, ai sensi e per gli effetti del Reg.to UE 2016\/679 di seguito \u2018GDPR\u2019, con la presente La informa che la citata normativa prevede la tutela degli interessati rispetto al trattamento dei dati personali e che tale trattamento sar\u00e0 improntato ai principi di correttezza, liceit\u00e0, trasparenza e di tutela della Sua riservatezza e dei Suoi diritti.<\/p>\n<p>I Suoi dati personali verranno trattati in accordo alle disposizioni legislative della normativa sopra richiamata e degli obblighi di riservatezza ivi previsti.<\/p>\n<p>Finalit\u00e0 e base giuridica del trattamento: in particolare i Suoi dati verranno trattati per le seguenti finalit\u00e0 connesse all\u2019attuazione di adempimenti relativiv ad obblighi legislativi o contrattuali:<\/p>\n<ul>\n<li>Finalit\u00e0 necessarie ad accertare, esercitare e difendere un diritto in sede giudiziaria o ogniqualvolta le Autorit\u00e0 Giurisdizionali esercitino le loro funzioni giurisdizionali.;<\/li>\n<li>Finalit\u00e0 inerenti l\u2019esecuzione di un contratto di cui Lei \u00e8 parte o all\u2019esecuzione di misure precontrattuali adottate su Sua richiesta (es. richiesta di contatto tramite il modulo \u201cContatti\u201d);.<\/li>\n<\/ul>\n<p>I Suoi dati saranno inoltre utilizzati per le seguenti finalit\u00e0 relative all\u2019esecuzione di misure connesse ad obblighi contrattuali o pre-contrattuali:<br \/>\naccesso tecnico e Funzionale al Sito nessun dato viene tenuto dopo la chiusura del Browser;<\/p>\n<ul>\n<li>finalit\u00e0 di navigazione Evoluta o gestione dei contenuti personalizzata;<\/li>\n<li>finalit\u00e0 Statistica e di Analisi della navigazione e degli utenti.<\/li>\n<\/ul>\n<p>Modalit\u00e0 del trattamento. I suoi dati personali potranno essere trattati nei seguenti modi:<\/p>\n<ul>\n<li>a mezzo calcolatori elettronici con utilizzo di sistemi software gestiti da Terzi;<\/li>\n<li>a mezzo calcolatori elettronici con utilizzo di sistemi software gestiti o programmati direttamente;<\/li>\n<li>trattamento a mezzo di calcolatori elettronici;<\/li>\n<li>trattamento temporaneo in Forma Anonima.<\/li>\n<\/ul>\n<p>Ogni trattamento avviene nel rispetto delle modalit\u00e0 di cui agli artt. 6, 32 del GDPR e mediante l\u2019adozione delle adeguate misure di sicurezza previste.<\/p>\n<p>I suoi dati saranno trattati unicamente da personale espressamente autorizzato dal Titolare ed, in particolare, dalle seguenti categorie di addetti:<\/p>\n<ul>\n<li>programmatori e Analisti;<\/li>\n<li>ufficio Amministrazione.<\/li>\n<\/ul>\n<p>Comunicazione: I suoi dati potranno essere comunicati a soggetti esterni per una corretta gestione del rapporto ed in particolare alle seguenti categorie di Destinatari tra cui tutti i Responsabili del Trattamento debitamente nominati:<\/p>\n<ul>\n<li>DoubleClick: Servizio pubblicitario, Target pubblicitario, Analitica\/Misurazione, Personalizzazione dei contenuti, Ottimizzazione;<\/li>\n<li>Google Analytics: Target pubblicitario, Analitica\/Misurazione, Ottimizzazione;<\/li>\n<li>YouTube: Servizio pubblicitario, Target pubblicitario, Analitica\/Misurazione, Personalizzazione dei contenuti, Ottimizzazione.<\/li>\n<\/ul>\n<p>Diffusione: I suoi dati personali non verranno diffusi in alcun modo.<\/p>\n<p>I suoi dati personali potranno inoltre essere trasferiti, limitatamente alle finalit\u00e0 sopra riportate, nei seguenti stati:<\/p>\n<ul>\n<li>Alcuni dei Suoi Dati Personali sono trasferiti a Destinatari che si potrebbero trovare al di fuori dello Spazio Economico Europeo. SD Color S.r.l. assicura che il trattamento elettronico e cartaceo dei Suoi Dati Personali da parte dei Destinatari avviene nel rispetto della Normativa Applicabile. I trasferimenti si basano, alternativamente, su una decisione di adeguatezza o sulle Standard Model Clauses approvate dalla Commissione Europea.<\/li>\n<\/ul>\n<p>Periodo di Conservazione. Le segnaliamo che, nel rispetto dei principi di liceit\u00e0, limitazione delle finalit\u00e0 e minimizzazione dei dati, ai sensi dell\u2019art. 5 del GDPR, il periodo di conservazione dei Suoi dati personali \u00e8:<\/p>\n<ul>\n<li>stabilito per un arco di tempo non superiore all\u2019espletamento dei servizi erogati.<\/li>\n<\/ul>\n<p>Gestione dei cookie: nel caso in cui Lei abbia dubbi o preoccupazioni in merito all\u2019utilizzo dei cookie Le \u00e8 sempre possibile intervenire per impedirne l\u2019impostazione e la lettura, ad esempio modificando le impostazioni sulla privacy all\u2019interno del Suo browser al fine di bloccarne determinati tipi.<\/p>\n<p>Poich\u00e9 ciascun browser \u2013 e spesso diverse versioni dello stesso browser \u2013 differiscono anche sensibilmente le une dalle altre se preferisce agire autonomamente mediante le preferenze del Suo browser pu\u00f2 trovare informazioni dettagliate sulla procedura necessaria nella guida del Suo browser. Per una panoramica delle modalit\u00e0 di azione per i browser pi\u00f9 comuni, pu\u00f2 visitare l\u2019indirizzo www.cookiepedia.co.uk.<\/p>\n<p>Le societ\u00e0 pubblicitarie consentono inoltre di rinunciare alla ricezione di annunci mirati, se lo si desidera. Ci\u00f2 non impedisce l\u2019impostazione dei cookie, ma interrompe l\u2019utilizzo e la raccolta di alcuni dati da parte di tali societ\u00e0.<\/p>\n<p>Per maggiori informazioni e possibilit\u00e0 di rinuncia, visitare l\u2019indirizzo www.youronlinechoices.eu\/.<\/p>\n<p>Titolare: il Titolare del trattamento dei dati, ai sensi della Legge, \u00e8 SD Color srl (via Caduti di Russia 26 &#8211; 35010 Curtatolo (PD); P.Iva: 00044400281) nella persona del suo legale rappresentante pro tempore.<\/p>\n<p>Lei ha diritto di ottenere dal titolare la cancellazione (diritto all\u2019oblio), la limitazione, l\u2019aggiornamento, la rettificazione, la portabilit\u00e0, l\u2019opposizione al trattamento dei dati personali che La riguardano, nonch\u00e9 in generale pu\u00f2 esercitare tutti i diritti previsti dagli artt. 15, 16, 17, 18, 19, 20, 21, 22 del GDPR<\/p>\n<p><b>Informazioni generali sulle norme relative al consenso all\u2019uso dei cookie<\/b><\/p>\n<p>La legislazione italiana (art. 122 del D.Lgs. 196\/03 \u201cCodice in materia di protezione dei dati personali\u201d) ha introdotto una Direttiva Europea che impone ai gestori dei siti web che utilizzano cookie o altre tecnologie di monitoraggio di informare l\u2019utente circa le tipologie di eventuali cookie utilizzati dal sito.<br \/>\nIl Provvedimento del Garante per la protezione dei dati personali n. 229 del 8 maggio 2014, pubblicato sulla G.U. n. 126 del 3 giugno 2014, ha categorizzato i cookie in due macro-categorie: cookie \u201ctecnici\u201d e cookie \u201cdi profilazione pubblicitaria\u201d.<\/p>\n<p><b>Cosa Sono i Cookie<\/b><\/p>\n<p>I cookie sono piccoli file di testo che i siti visitati dagli utenti inviano ai loro terminali, dove vengono memorizzati per essere ritrasmessi agli stessi siti in occasione di visite successive. I cookie sono utilizzati per diverse finalit\u00e0, hanno caratteristiche diverse, e possono essere utilizzati sia dal titolare del sito che si sta visitando, sia da terze parti.<\/p>\n<p><b>Cookie Tecnici<\/b><\/p>\n<p>Si tratta di cookie indispensabili per il corretto funzionamento del sito e all\u2019erogazione del servizio.<br \/>\nTutti i cookie tecnici non richiedono consenso, perci\u00f2 vengono installati automaticamente a seguito dell\u2019accesso al Sito.<\/p>\n<p><b>Cookie di Analisi e Prestazioni<\/b><\/p>\n<p>Sono cookie utilizzati per raccogliere e analizzare il traffico e l\u2019utilizzo del sito in modo anonimo.<br \/>\nQuesti cookie, pur senza identificare l\u2019utente, consentono, per esempio, di rilevare se il medesimo utente torna a collegarsi in momenti diversi. Permettono inoltre di monitorare il sistema e migliorarne le prestazioni e l\u2019usabilit\u00e0.<br \/>\nLa disattivazione di tali cookie pu\u00f2 essere eseguita senza alcuna perdita di funzionalit\u00e0.<\/p>\n<p><b>Cookie di Profilazione<\/b><\/p>\n<p>Si tratta di cookie permanenti utilizzati per identificare (in modo anonimo e non) le preferenze dell\u2019utente e migliorare la sua esperienza di navigazione.<br \/>\n<strong>Questo sito non utilizza cookie di questo tipo.<\/strong><\/p>\n<p><b>Cooke di Terze Parti<\/b><\/p>\n<p>Visitando un sito web si possono ricevere cookie sia dal sito visitato, sia da siti gestiti da altre organizzazioni (terze parti).<br \/>\nAd esempio i social plugin\u009d per Facebook, Twitter, Google+ e LinkedIn.<br \/>\nSi tratta di parti della pagina visitata generate direttamente dai suddetti siti ed integrati nella pagina del sito ospitante. L\u2019utilizzo pi\u00f9 comune dei social plugin \u00e8 finalizzato alla condivisione dei contenuti sui social network.<br \/>\nLa presenza di questi plugin comporta la trasmissione di cookie da e verso tutti i siti gestiti da terze parti.<br \/>\n<strong>La gestione delle informazioni raccolte da terze parti \u00e8 disciplinata dalle relative informative.<\/strong><\/p>\n<p><b>Durata dei cookie<\/b><\/p>\n<p>Alcuni cookie (cookie di sessione) restano attivi solo fino alla chiusura del browser o all\u2019esecuzione del comando di logout.<br \/>\nAltri cookie sopravvivono alla chiusura del browser e sono disponibili anche in successive visite dell\u2019utente.<br \/>\nQuesti cookie sono detti persistenti e la loro durata \u00e8 fissata dal server al momento della loro creazione.<br \/>\nIn alcuni casi \u00e8 fissata una scadenza, in altri casi la durata \u00e8 illimitata.<br \/>\n<strong>Questo sito non fa uso di cookie persistenti.<\/strong><\/p>\n<p><b>Gestione dei Cookie<\/b><\/p>\n<p>L\u2019utente pu\u00f2 decidere se accettare o meno i cookie utilizzando le impostazioni del proprio browser.<br \/>\n<strong>Attenzione<\/strong>: la disabilitazione totale o parziale dei cookie tecnici pu\u00f2 compromettere l\u2019utilizzo delle funzionalit\u00e0 del sito.<br \/>\nLa disabilitazione dei cookie di terze parti non pregiudica in alcun modo la navigabilit\u00e0.<br \/>\nI migliori browser consentono di definire impostazioni diverse per i cookie proprietari\u009d e per quelli di terze parti.<br \/>\nDi seguito i link che spiegano come disabilitare i cookie per i browser pi\u00f9 diffusi:<\/p>\n<p><a href=\"http:\/\/windows.microsoft.com\/it-it\/windows7\/how-to-manage-cookies-in-internet-explorer-9\" target=\"_blank\" rel=\"noopener noreferrer\">Internet Explorer<\/a><br \/>\n<a href=\"https:\/\/support.google.com\/chrome\/answer\/95647?hl=it\" target=\"_blank\" rel=\"noopener noreferrer\">Google Chrome<\/a><br \/>\n<a href=\"https:\/\/support.mozilla.org\/it\/kb\/Gestione%20dei%20cookie\" target=\"_blank\" rel=\"noopener noreferrer\">Mozilla Firefox<\/a><br \/>\n<a href=\"https:\/\/support.apple.com\/it-it\/HT201265\" target=\"_blank\" rel=\"noopener noreferrer\">Apple Safari<\/a><br \/>\n<a href=\"http:\/\/help.opera.com\/Windows\/10.00\/it\/cookies.html\" target=\"_blank\" rel=\"noopener noreferrer\">Opera<\/a><\/p>\n<p>[\/vc_column_text][\/vc_column][\/vc_row]<\/p>\n<\/div>","protected":false},"excerpt":{"rendered":"<p>[vc_row][vc_column][vc_custom_heading text=&#8221;Cookies Policy&#8221; font_container=&#8221;tag:h1|font_size:68|text_align:center&#8221; use_theme_fonts=&#8221;yes&#8221;][vc_empty_space woodmart_hide_large=&#8221;0&#8243; woodmart_hide_medium=&#8221;0&#8243; woodmart_hide_small=&#8221;0&#8243; woodmart_hide_extra_small=&#8221;0&#8243;][vc_column_text text_larger=&#8221;no&#8221;] Informativa sul trattamento dei dati personali ex artt. 13-14 Reg.to<\/p>\n","protected":false},"author":1,"featured_media":0,"parent":0,"menu_order":0,"comment_status":"closed","ping_status":"closed","template":"","meta":{"_acf_changed":false,"footnotes":""},"acf":[],"yoast_head":"<!-- This site is optimized with the Yoast SEO plugin v23.5 - https:\/\/yoast.com\/wordpress\/plugins\/seo\/ -->\n<title>Cookies policy - SD Color<\/title>\n<meta name=\"robots\" content=\"index, follow, max-snippet:-1, max-image-preview:large, max-video-preview:-1\" \/>\n<link rel=\"canonical\" href=\"https:\/\/www.sdcolor.it\/en\/cookies-policy\/\" \/>\n<meta property=\"og:locale\" content=\"en_US\" \/>\n<meta property=\"og:type\" content=\"article\" \/>\n<meta property=\"og:title\" content=\"Cookies policy - SD Color\" \/>\n<meta property=\"og:description\" content=\"[vc_row][vc_column][vc_custom_heading text=&#8221;Cookies Policy&#8221; font_container=&#8221;tag:h1|font_size:68|text_align:center&#8221; use_theme_fonts=&#8221;yes&#8221;][vc_empty_space woodmart_hide_large=&#8221;0&#8243; woodmart_hide_medium=&#8221;0&#8243; woodmart_hide_small=&#8221;0&#8243; woodmart_hide_extra_small=&#8221;0&#8243;][vc_column_text text_larger=&#8221;no&#8221;] Informativa sul trattamento dei dati personali ex artt. 13-14 Reg.to\" \/>\n<meta property=\"og:url\" content=\"https:\/\/www.sdcolor.it\/en\/cookies-policy\/\" \/>\n<meta property=\"og:site_name\" content=\"SD Color\" \/>\n<meta property=\"article:publisher\" content=\"https:\/\/www.facebook.com\/sdcolor.ipv\" \/>\n<meta name=\"twitter:card\" content=\"summary_large_image\" \/>\n<meta name=\"twitter:label1\" content=\"Est. reading time\" \/>\n\t<meta name=\"twitter:data1\" content=\"7 minutes\" \/>\n<script type=\"application\/ld+json\" class=\"yoast-schema-graph\">{\"@context\":\"https:\/\/schema.org\",\"@graph\":[{\"@type\":\"WebPage\",\"@id\":\"https:\/\/www.sdcolor.it\/en\/cookies-policy\/\",\"url\":\"https:\/\/www.sdcolor.it\/en\/cookies-policy\/\",\"name\":\"Cookies policy - SD Color\",\"isPartOf\":{\"@id\":\"https:\/\/www.sdcolor.it\/en\/#website\"},\"datePublished\":\"2019-09-25T14:35:37+00:00\",\"dateModified\":\"2019-09-25T14:35:37+00:00\",\"breadcrumb\":{\"@id\":\"https:\/\/www.sdcolor.it\/en\/cookies-policy\/#breadcrumb\"},\"inLanguage\":\"en-US\",\"potentialAction\":[{\"@type\":\"ReadAction\",\"target\":[\"https:\/\/www.sdcolor.it\/en\/cookies-policy\/\"]}]},{\"@type\":\"BreadcrumbList\",\"@id\":\"https:\/\/www.sdcolor.it\/en\/cookies-policy\/#breadcrumb\",\"itemListElement\":[{\"@type\":\"ListItem\",\"position\":1,\"name\":\"Home\",\"item\":\"https:\/\/www.sdcolor.it\/en\/\"},{\"@type\":\"ListItem\",\"position\":2,\"name\":\"Cookies policy\"}]},{\"@type\":\"WebSite\",\"@id\":\"https:\/\/www.sdcolor.it\/en\/#website\",\"url\":\"https:\/\/www.sdcolor.it\/en\/\",\"name\":\"SD Color\",\"description\":\"\",\"publisher\":{\"@id\":\"https:\/\/www.sdcolor.it\/en\/#organization\"},\"potentialAction\":[{\"@type\":\"SearchAction\",\"target\":{\"@type\":\"EntryPoint\",\"urlTemplate\":\"https:\/\/www.sdcolor.it\/en\/?s={search_term_string}\"},\"query-input\":{\"@type\":\"PropertyValueSpecification\",\"valueRequired\":true,\"valueName\":\"search_term_string\"}}],\"inLanguage\":\"en-US\"},{\"@type\":\"Organization\",\"@id\":\"https:\/\/www.sdcolor.it\/en\/#organization\",\"name\":\"SD Color\",\"url\":\"https:\/\/www.sdcolor.it\/en\/\",\"logo\":{\"@type\":\"ImageObject\",\"inLanguage\":\"en-US\",\"@id\":\"https:\/\/www.sdcolor.it\/en\/#\/schema\/logo\/image\/\",\"url\":\"https:\/\/www.sdcolor.it\/wp-content\/uploads\/2019\/07\/logo.png\",\"contentUrl\":\"https:\/\/www.sdcolor.it\/wp-content\/uploads\/2019\/07\/logo.png\",\"width\":200,\"height\":98,\"caption\":\"SD Color\"},\"image\":{\"@id\":\"https:\/\/www.sdcolor.it\/en\/#\/schema\/logo\/image\/\"},\"sameAs\":[\"https:\/\/www.facebook.com\/sdcolor.ipv\"]}]}<\/script>\n<!-- \/ Yoast SEO plugin. -->","yoast_head_json":{"title":"Cookies policy - SD Color","robots":{"index":"index","follow":"follow","max-snippet":"max-snippet:-1","max-image-preview":"max-image-preview:large","max-video-preview":"max-video-preview:-1"},"canonical":"https:\/\/www.sdcolor.it\/en\/cookies-policy\/","og_locale":"en_US","og_type":"article","og_title":"Cookies policy - SD Color","og_description":"[vc_row][vc_column][vc_custom_heading text=&#8221;Cookies Policy&#8221; font_container=&#8221;tag:h1|font_size:68|text_align:center&#8221; use_theme_fonts=&#8221;yes&#8221;][vc_empty_space woodmart_hide_large=&#8221;0&#8243; woodmart_hide_medium=&#8221;0&#8243; woodmart_hide_small=&#8221;0&#8243; woodmart_hide_extra_small=&#8221;0&#8243;][vc_column_text text_larger=&#8221;no&#8221;] Informativa sul trattamento dei dati personali ex artt. 13-14 Reg.to","og_url":"https:\/\/www.sdcolor.it\/en\/cookies-policy\/","og_site_name":"SD Color","article_publisher":"https:\/\/www.facebook.com\/sdcolor.ipv","twitter_card":"summary_large_image","twitter_misc":{"Est. reading time":"7 minutes"},"schema":{"@context":"https:\/\/schema.org","@graph":[{"@type":"WebPage","@id":"https:\/\/www.sdcolor.it\/en\/cookies-policy\/","url":"https:\/\/www.sdcolor.it\/en\/cookies-policy\/","name":"Cookies policy - SD Color","isPartOf":{"@id":"https:\/\/www.sdcolor.it\/en\/#website"},"datePublished":"2019-09-25T14:35:37+00:00","dateModified":"2019-09-25T14:35:37+00:00","breadcrumb":{"@id":"https:\/\/www.sdcolor.it\/en\/cookies-policy\/#breadcrumb"},"inLanguage":"en-US","potentialAction":[{"@type":"ReadAction","target":["https:\/\/www.sdcolor.it\/en\/cookies-policy\/"]}]},{"@type":"BreadcrumbList","@id":"https:\/\/www.sdcolor.it\/en\/cookies-policy\/#breadcrumb","itemListElement":[{"@type":"ListItem","position":1,"name":"Home","item":"https:\/\/www.sdcolor.it\/en\/"},{"@type":"ListItem","position":2,"name":"Cookies policy"}]},{"@type":"WebSite","@id":"https:\/\/www.sdcolor.it\/en\/#website","url":"https:\/\/www.sdcolor.it\/en\/","name":"SD Color","description":"","publisher":{"@id":"https:\/\/www.sdcolor.it\/en\/#organization"},"potentialAction":[{"@type":"SearchAction","target":{"@type":"EntryPoint","urlTemplate":"https:\/\/www.sdcolor.it\/en\/?s={search_term_string}"},"query-input":{"@type":"PropertyValueSpecification","valueRequired":true,"valueName":"search_term_string"}}],"inLanguage":"en-US"},{"@type":"Organization","@id":"https:\/\/www.sdcolor.it\/en\/#organization","name":"SD Color","url":"https:\/\/www.sdcolor.it\/en\/","logo":{"@type":"ImageObject","inLanguage":"en-US","@id":"https:\/\/www.sdcolor.it\/en\/#\/schema\/logo\/image\/","url":"https:\/\/www.sdcolor.it\/wp-content\/uploads\/2019\/07\/logo.png","contentUrl":"https:\/\/www.sdcolor.it\/wp-content\/uploads\/2019\/07\/logo.png","width":200,"height":98,"caption":"SD Color"},"image":{"@id":"https:\/\/www.sdcolor.it\/en\/#\/schema\/logo\/image\/"},"sameAs":["https:\/\/www.facebook.com\/sdcolor.ipv"]}]}},"_links":{"self":[{"href":"https:\/\/www.sdcolor.it\/en\/wp-json\/wp\/v2\/pages\/3578"}],"collection":[{"href":"https:\/\/www.sdcolor.it\/en\/wp-json\/wp\/v2\/pages"}],"about":[{"href":"https:\/\/www.sdcolor.it\/en\/wp-json\/wp\/v2\/types\/page"}],"author":[{"embeddable":true,"href":"https:\/\/www.sdcolor.it\/en\/wp-json\/wp\/v2\/users\/1"}],"replies":[{"embeddable":true,"href":"https:\/\/www.sdcolor.it\/en\/wp-json\/wp\/v2\/comments?post=3578"}],"version-history":[{"count":0,"href":"https:\/\/www.sdcolor.it\/en\/wp-json\/wp\/v2\/pages\/3578\/revisions"}],"wp:attachment":[{"href":"https:\/\/www.sdcolor.it\/en\/wp-json\/wp\/v2\/media?parent=3578"}],"curies":[{"name":"wp","href":"https:\/\/api.w.org\/{rel}","templated":true}]}}