{"id":3585,"date":"2019-06-11T15:36:25","date_gmt":"2019-06-11T13:36:25","guid":{"rendered":"https:\/\/www.sdcolor.it\/privacy-policy\/"},"modified":"2019-06-11T15:36:25","modified_gmt":"2019-06-11T13:36:25","slug":"privacy-policy","status":"publish","type":"page","link":"https:\/\/www.sdcolor.it\/en\/privacy-policy\/","title":{"rendered":"Privacy Policy"},"content":{"rendered":"<div class=\"wpb-content-wrapper\"><p>[vc_row][vc_column][vc_custom_heading text=&#8221;Privacy Policy&#8221; font_container=&#8221;tag:h1|font_size:68|text_align:center|color:%23000000&#8243; use_theme_fonts=&#8221;yes&#8221;][vc_empty_space woodmart_hide_large=&#8221;0&#8243; woodmart_hide_medium=&#8221;0&#8243; woodmart_hide_small=&#8221;0&#8243; woodmart_hide_extra_small=&#8221;0&#8243;][vc_column_text text_larger=&#8221;no&#8221;]<\/p>\n<p><strong>Informativa sul trattamento dei dati personali ex artt. 13-14 Reg.to UE 2016\/679<\/strong><\/p>\n<p><em>Soggetti interessati. Navigatori Sito Web https:\/\/sdcolor.it\/ <\/em><\/p>\n<p>SD Color Srl, nella qualit\u00e0 di Titolare del trattamento dei Suoi dati personali, ai sensi e per gli effetti del Regolamento UE 2016\/679 (di seguito, \u201cGDPR\u201d), con la presente La informa che i Suoi dati personali verranno raccolti e trattati nel rispetto della normativa applicabile, anche per quanto riguarda il rispetto dei principi di riservatezza, liceit\u00e0, trasparenza, integrit\u00e0, minimizzazione e riservatezza.<\/p>\n<p>Finalit\u00e0 e basi giuridiche del trattamento. I Suoi dati personali verranno trattati per le seguenti finalit\u00e0:<\/p>\n<ul>\n<li>Finalit\u00e0 inerenti e\/o connesse all\u2019accesso tecnico e\/o funzionale al Sito (nessun dato viene conservato dopo la chiusura del Browser);<\/li>\n<li>Finalit\u00e0 inerenti e\/o connesse all\u2019adempimento degli obblighi legali di cui \u00e8 investito il Titolare del trattamento, ivi inclusa l\u2019adempimento delle richieste delle Autorit\u00e0 Pubbliche (inclusa l\u2019Autorit\u00e0 Giudiziaria);<\/li>\n<li>Finalit\u00e0 inerenti e\/o connesse all\u2019esecuzione di un contratto di cui lei \u00e8 parte e\/o le misure precontrattuali adottate su Sua richiesta, anche attraverso la compilazione dei moduli presenti sul Sito;<\/li>\n<li>Finalit\u00e0 necessarie ad accertare, esercitare e\/o difendere un diritto in sede giudiziaria.<\/li>\n<\/ul>\n<p>Le basi giuridiche del trattamento dei Suoi dati \u00e8, pertanto, costituita da:<\/p>\n<ul>\n<li>L\u2019adempimento di un obbligo legale al quale \u00e8 soggetto il Titolare del trattamento;<\/li>\n<li>L\u2019esecuzione di un contratto di cui l\u2019interessato \u00e8 parte o all\u2019esecuzione di misure precontrattuali adottate su richiesta dello stesso.<\/li>\n<\/ul>\n<p>I Dati personali sono raccolti e trattati anche mediante l\u2019invio degli stessi da parte dell\u2019interessato, con la compilazione degli appositi campi di testo presenti nei moduli informatici di contatto presenti sul sito. I campi di testo contrassegnati con un asterisco (*) raccolgono Dati personali necessari per consentire al Titolare del trattamento e\/o ai Destinatari di svolgere le finalit\u00e0, per cui i Dati personali sono stati raccolti e trattati.<\/p>\n<p>Alcuni dati (c.d. dati di navigazione) sono raccolti automaticamente mediante l\u2019utilizzo di protocolli di navigazione Internet. Tali dati sono temporanei e necessari per la fruizione dei servizi web.<\/p>\n<p>Modalit\u00e0 di trattamento. I Suoi dati personali potranno essere trattati nei seguenti modi:<\/p>\n<ul>\n<li>A mezzo calcolatori elettronici, sia con l\u2019utilizzo di sistemi software gestiti e\/o programmati direttamente da SD Color, sia gestiti e\/o programmati da terzi;<\/li>\n<li>Trattamento temporaneo in forma anonima.<\/li>\n<\/ul>\n<p>Ogni trattamento avviene nel rispetto delle modalit\u00e0 di cui agli artt. 6 e 32 del GDPR, mediante l\u2019adozione di misure tecniche e organizzative idonee per garantire un livello di sicurezza adeguato al rischio inerente al trattamento.<\/p>\n<p>Comunicazione. I Suoi dati personali saranno trattati esclusivamente da personale SD Color espressamente autorizzato dal Titolare del trattamento (programmatori, analisti e personale dell\u2019ufficio amministrazione).<\/p>\n<p>Tra i Responsabili del trattamento appositamente nominati da SD Color si indicano:<\/p>\n<ul>\n<li>Google Ireland Limited (\u201cGoogle\u201d) con sede a Gordon House, Barrow Street, Dublino 4, Irlanda;<\/li>\n<\/ul>\n<p>I Suoi Dati potrebbero essere trasferiti, in esecuzione delle finalit\u00e0 sopraindicate, a Destinatari situati in paesi terzi (quindi al di fuori dello Spazio Economico Europeo). SD Color Srl dichiara che il trattamento elettronico e\/o cartaceo dei Suoi Dati personali da parte dei Destinatari sopraindicati avviene nel rispetto della normativa applicabile. Infatti, il trasferimento di Dati personali verso un paese terzo o un\u2019organizzazione internazionale avviene a seguito di una decisione di adeguatezza assunta dalla Commissione europea, ovvero sulla base di clausole contrattuali modello debitamente adottate.<\/p>\n<p>Periodo di conservazione. Il periodo di conservazione dei Suoi Dati personali, da parte del Titolare del trattamento, \u00e8 limitato al tempo necessario rispetto alle finalit\u00e0 per le quali i Dati personali sono trattati.<\/p>\n<p>Gestione dei cookie. Non viene fatto uso di cookie per la profilazione degli utenti.<\/p>\n<p>Viene invece fatto uso di cookie di sessione (non persistenti) in modo strettamente limitato a quanto necessario per la navigazione sicura ed efficiente dei siti. La memorizzazione dei cookie di sessione nei terminali o nei browser \u00e8 sotto il controllo dell\u2019utente, con tempi di conservazione comunque non superiori ai sette giorni al pari degli altri dati di navigazione.<\/p>\n<p>Per maggiori informazioni sulla raccolta e l\u2019uso dei cookie su questo sito web, si veda la Cookie Policy di SD Color Srl (https:\/\/sdcolor.it\/cookie-policy\/).<\/p>\n<p>Nel caso in cui Lei abbia dubbi o preoccupazioni in merito all\u2019utilizzo dei cookie Le \u00e8 sempre possibile intervenire per impedirne l\u2019impostazione e la lettura, ad esempio modificando le impostazioni sulla privacy all\u2019interno del Suo browser al fine di bloccarne determinati tipi.<\/p>\n<p>Poich\u00e9 ciascun browser \u2013 e spesso diverse versioni dello stesso browser \u2013 differiscono anche sensibilmente le une dalle altre se preferisce agire autonomamente mediante le preferenze del Suo browser pu\u00f2 trovare informazioni dettagliate sulla procedura necessaria nella guida del Suo browser. Per una panoramica delle modalit\u00e0 di azione per i browser pi\u00f9 comuni, pu\u00f2 visitare l\u2019indirizzo www.cookiepedia.co.uk.<\/p>\n<p>Le societ\u00e0 pubblicitarie consentono inoltre di rinunciare alla ricezione di annunci mirati, se lo si desidera. Ci\u00f2 non impedisce l\u2019impostazione dei cookie, ma interrompe l\u2019utilizzo e la raccolta di alcuni dati da parte di tali societ\u00e0.<\/p>\n<p>Per maggiori informazioni e possibilit\u00e0 di rinuncia, visitare l\u2019indirizzo www.youronlinechoices.eu\/.<\/p>\n<p>Titolare. Il Titolare del trattamento dei dati personali, ai sensi del Regolamento UE 679\/2016, \u00e8 SD Color Srl (Via Caduti di Russia 26 &#8211; 35010 Curtatolo (PD), P.IVA 00044400281, tel 049 962033, e-mail info@sdcolor.it) nella persona del suo legale rappresentante pro tempore.<\/p>\n<p>Diritti dell\u2019interessato. Lei ha diritto di ottenere dal titolare la cancellazione (diritto all\u2019oblio), la limitazione, l\u2019aggiornamento, la rettificazione, la portabilit\u00e0, l\u2019opposizione al trattamento dei dati personali che La riguardano, nonch\u00e9 in generale pu\u00f2 esercitare tutti i diritti previsti dagli artt. 15, 16, 17, 18, 19, 20, 21, 22 del GDPR, come di seguito indicati:<\/p>\n<ol>\n<li>L\u2019interessato ha diritto di ottenere la conferma dell\u2019esistenza o meno di dati personali che lo riguardano, anche se non ancora registrati, la loro comunicazione in forma intelligibile e la possibilit\u00e0 di effettuare reclamo presso l\u2019Autorit\u00e0 di controllo.<\/li>\n<\/ol>\n<ol start=\"2\">\n<li>L\u2019interessato ha diritto di ottenere l\u2019indicazione:<\/li>\n<li>dell\u2019origine dei dati personali;<\/li>\n<li>delle finalit\u00e0 e modalit\u00e0 del trattamento;<\/li>\n<li>della logica applicata in caso di trattamento effettuato con l\u2019ausilio di strumenti elettronici;<\/li>\n<li>degli estremi identificativi del titolare, dei responsabili e del rappresentante designato ai sensi dell\u2019articolo 5, comma 2;<\/li>\n<li>dei soggetti o delle categorie di soggetti ai quali i dati personali possono essere comunicati o che possono venirne a conoscenza in qualit\u00e0 di rappresentante designato nel territorio dello Stato, di responsabili o incaricati.<\/li>\n<\/ol>\n<ol start=\"3\">\n<li>L\u2019interessato ha diritto di ottenere:<\/li>\n<li>l\u2019aggiornamento, la rettificazione ovvero, quando vi ha interesse, l\u2019integrazione dei dati;<\/li>\n<li>la cancellazione, la trasformazione in forma anonima o il blocco dei dati trattati in violazione di legge, compresi quelli di cui non \u00e8 necessaria la conservazione in relazione agli scopi per i quali i dati sono stati raccolti o successivamente trattati;<\/li>\n<li>l\u2019attestazione che le operazioni di cui alle lettere a) e b) sono state portate a conoscenza, anche per quanto riguarda il loro contenuto, di coloro ai quali i dati sono stati comunicati o diffusi, eccettuato il caso in cui tale adempimento si rivela impossibile o comporta un impiego di mezzi manifestamente sproporzionato rispetto al diritto tutelato;<\/li>\n<li>la portabilit\u00e0 dei dati.<\/li>\n<\/ol>\n<ol start=\"4\">\n<li>L\u2019interessato ha diritto di opporsi, in tutto o in parte:<\/li>\n<li>per motivi legittimi al trattamento dei dati personali che lo riguardano, ancorch\u00e9 pertinenti allo scopo della raccolta;<\/li>\n<li>al trattamento di dati personali che lo riguardano a fini di invio di materiale pubblicitario o di vendita diretta o per il compimento di ricerche di mercato o di comunicazione commerciale.<\/li>\n<\/ol>\n<p>I diritti sopraindicati possono essere esercitati dall\u2019interessato inviando un modulo di richiesta firmato con allegata una copia della carta d\u2019identit\u00e0, del passaporto o di altro documento d\u2019identit\u00e0, all\u2019indirizzo e-mail info@sdcolor.it<\/p>\n<p>Inoltre, in qualit\u00e0 di interessato, se ritiene che il trattamento dei Suoi Dati personali sia effettuato in violazione della normativa applicabile in materia di protezione dei dati, ha il diritto di presentare un reclamo presso un\u2019autorit\u00e0 di controllo (in particolare quella dello Stato membro dell\u2019Unione Europea del Suo luogo di residenza abituale, del luogo di lavoro o del luogo in cui si \u00e8 verificata la presunta violazione). Il reclamo all\u2019Autorit\u00e0 italiana \u00e8 presentata contattando il Responsabile della protezione dei dati presso il Garante (Garante per la protezione dei personali \u2013 Responsabile della Protezione dei dati personali, Piazza Venezia, 11, IT-00187, Roma, email: rpd@gpdp.it). Per maggiori informazioni, visiti il sito www.garanteprivacy.it<\/p>\n<p>[\/vc_column_text][\/vc_column][\/vc_row]<\/p>\n<\/div>","protected":false},"excerpt":{"rendered":"<p>[vc_row][vc_column][vc_custom_heading text=&#8221;Privacy Policy&#8221; font_container=&#8221;tag:h1|font_size:68|text_align:center|color:%23000000&#8243; use_theme_fonts=&#8221;yes&#8221;][vc_empty_space woodmart_hide_large=&#8221;0&#8243; woodmart_hide_medium=&#8221;0&#8243; woodmart_hide_small=&#8221;0&#8243; woodmart_hide_extra_small=&#8221;0&#8243;][vc_column_text text_larger=&#8221;no&#8221;] Informativa sul trattamento dei dati personali ex artt. 13-14 Reg.to<\/p>\n","protected":false},"author":1,"featured_media":0,"parent":0,"menu_order":0,"comment_status":"closed","ping_status":"open","template":"","meta":{"_acf_changed":false,"footnotes":""},"acf":[],"yoast_head":"<!-- This site is optimized with the Yoast SEO plugin v23.5 - https:\/\/yoast.com\/wordpress\/plugins\/seo\/ -->\n<title>Privacy Policy - SD Color<\/title>\n<meta name=\"robots\" content=\"index, follow, max-snippet:-1, max-image-preview:large, max-video-preview:-1\" \/>\n<link rel=\"canonical\" href=\"https:\/\/www.sdcolor.it\/en\/privacy-policy\/\" \/>\n<meta property=\"og:locale\" content=\"en_US\" \/>\n<meta property=\"og:type\" content=\"article\" \/>\n<meta property=\"og:title\" content=\"Privacy Policy - SD Color\" \/>\n<meta property=\"og:description\" content=\"[vc_row][vc_column][vc_custom_heading text=&#8221;Privacy Policy&#8221; font_container=&#8221;tag:h1|font_size:68|text_align:center|color:%23000000&#8243; use_theme_fonts=&#8221;yes&#8221;][vc_empty_space woodmart_hide_large=&#8221;0&#8243; woodmart_hide_medium=&#8221;0&#8243; woodmart_hide_small=&#8221;0&#8243; woodmart_hide_extra_small=&#8221;0&#8243;][vc_column_text text_larger=&#8221;no&#8221;] Informativa sul trattamento dei dati personali ex artt. 13-14 Reg.to\" \/>\n<meta property=\"og:url\" content=\"https:\/\/www.sdcolor.it\/en\/privacy-policy\/\" \/>\n<meta property=\"og:site_name\" content=\"SD Color\" \/>\n<meta property=\"article:publisher\" content=\"https:\/\/www.facebook.com\/sdcolor.ipv\" \/>\n<meta name=\"twitter:card\" content=\"summary_large_image\" \/>\n<meta name=\"twitter:label1\" content=\"Est. reading time\" \/>\n\t<meta name=\"twitter:data1\" content=\"7 minutes\" \/>\n<script type=\"application\/ld+json\" class=\"yoast-schema-graph\">{\"@context\":\"https:\/\/schema.org\",\"@graph\":[{\"@type\":\"WebPage\",\"@id\":\"https:\/\/www.sdcolor.it\/en\/privacy-policy\/\",\"url\":\"https:\/\/www.sdcolor.it\/en\/privacy-policy\/\",\"name\":\"Privacy Policy - SD Color\",\"isPartOf\":{\"@id\":\"https:\/\/www.sdcolor.it\/en\/#website\"},\"datePublished\":\"2019-06-11T13:36:25+00:00\",\"dateModified\":\"2019-06-11T13:36:25+00:00\",\"breadcrumb\":{\"@id\":\"https:\/\/www.sdcolor.it\/en\/privacy-policy\/#breadcrumb\"},\"inLanguage\":\"en-US\",\"potentialAction\":[{\"@type\":\"ReadAction\",\"target\":[\"https:\/\/www.sdcolor.it\/en\/privacy-policy\/\"]}]},{\"@type\":\"BreadcrumbList\",\"@id\":\"https:\/\/www.sdcolor.it\/en\/privacy-policy\/#breadcrumb\",\"itemListElement\":[{\"@type\":\"ListItem\",\"position\":1,\"name\":\"Home\",\"item\":\"https:\/\/www.sdcolor.it\/en\/\"},{\"@type\":\"ListItem\",\"position\":2,\"name\":\"Privacy Policy\"}]},{\"@type\":\"WebSite\",\"@id\":\"https:\/\/www.sdcolor.it\/en\/#website\",\"url\":\"https:\/\/www.sdcolor.it\/en\/\",\"name\":\"SD Color\",\"description\":\"\",\"publisher\":{\"@id\":\"https:\/\/www.sdcolor.it\/en\/#organization\"},\"potentialAction\":[{\"@type\":\"SearchAction\",\"target\":{\"@type\":\"EntryPoint\",\"urlTemplate\":\"https:\/\/www.sdcolor.it\/en\/?s={search_term_string}\"},\"query-input\":{\"@type\":\"PropertyValueSpecification\",\"valueRequired\":true,\"valueName\":\"search_term_string\"}}],\"inLanguage\":\"en-US\"},{\"@type\":\"Organization\",\"@id\":\"https:\/\/www.sdcolor.it\/en\/#organization\",\"name\":\"SD Color\",\"url\":\"https:\/\/www.sdcolor.it\/en\/\",\"logo\":{\"@type\":\"ImageObject\",\"inLanguage\":\"en-US\",\"@id\":\"https:\/\/www.sdcolor.it\/en\/#\/schema\/logo\/image\/\",\"url\":\"https:\/\/www.sdcolor.it\/wp-content\/uploads\/2019\/07\/logo.png\",\"contentUrl\":\"https:\/\/www.sdcolor.it\/wp-content\/uploads\/2019\/07\/logo.png\",\"width\":200,\"height\":98,\"caption\":\"SD Color\"},\"image\":{\"@id\":\"https:\/\/www.sdcolor.it\/en\/#\/schema\/logo\/image\/\"},\"sameAs\":[\"https:\/\/www.facebook.com\/sdcolor.ipv\"]}]}<\/script>\n<!-- \/ Yoast SEO plugin. -->","yoast_head_json":{"title":"Privacy Policy - SD Color","robots":{"index":"index","follow":"follow","max-snippet":"max-snippet:-1","max-image-preview":"max-image-preview:large","max-video-preview":"max-video-preview:-1"},"canonical":"https:\/\/www.sdcolor.it\/en\/privacy-policy\/","og_locale":"en_US","og_type":"article","og_title":"Privacy Policy - SD Color","og_description":"[vc_row][vc_column][vc_custom_heading text=&#8221;Privacy Policy&#8221; font_container=&#8221;tag:h1|font_size:68|text_align:center|color:%23000000&#8243; use_theme_fonts=&#8221;yes&#8221;][vc_empty_space woodmart_hide_large=&#8221;0&#8243; woodmart_hide_medium=&#8221;0&#8243; woodmart_hide_small=&#8221;0&#8243; woodmart_hide_extra_small=&#8221;0&#8243;][vc_column_text text_larger=&#8221;no&#8221;] Informativa sul trattamento dei dati personali ex artt. 13-14 Reg.to","og_url":"https:\/\/www.sdcolor.it\/en\/privacy-policy\/","og_site_name":"SD Color","article_publisher":"https:\/\/www.facebook.com\/sdcolor.ipv","twitter_card":"summary_large_image","twitter_misc":{"Est. reading time":"7 minutes"},"schema":{"@context":"https:\/\/schema.org","@graph":[{"@type":"WebPage","@id":"https:\/\/www.sdcolor.it\/en\/privacy-policy\/","url":"https:\/\/www.sdcolor.it\/en\/privacy-policy\/","name":"Privacy Policy - SD Color","isPartOf":{"@id":"https:\/\/www.sdcolor.it\/en\/#website"},"datePublished":"2019-06-11T13:36:25+00:00","dateModified":"2019-06-11T13:36:25+00:00","breadcrumb":{"@id":"https:\/\/www.sdcolor.it\/en\/privacy-policy\/#breadcrumb"},"inLanguage":"en-US","potentialAction":[{"@type":"ReadAction","target":["https:\/\/www.sdcolor.it\/en\/privacy-policy\/"]}]},{"@type":"BreadcrumbList","@id":"https:\/\/www.sdcolor.it\/en\/privacy-policy\/#breadcrumb","itemListElement":[{"@type":"ListItem","position":1,"name":"Home","item":"https:\/\/www.sdcolor.it\/en\/"},{"@type":"ListItem","position":2,"name":"Privacy Policy"}]},{"@type":"WebSite","@id":"https:\/\/www.sdcolor.it\/en\/#website","url":"https:\/\/www.sdcolor.it\/en\/","name":"SD Color","description":"","publisher":{"@id":"https:\/\/www.sdcolor.it\/en\/#organization"},"potentialAction":[{"@type":"SearchAction","target":{"@type":"EntryPoint","urlTemplate":"https:\/\/www.sdcolor.it\/en\/?s={search_term_string}"},"query-input":{"@type":"PropertyValueSpecification","valueRequired":true,"valueName":"search_term_string"}}],"inLanguage":"en-US"},{"@type":"Organization","@id":"https:\/\/www.sdcolor.it\/en\/#organization","name":"SD Color","url":"https:\/\/www.sdcolor.it\/en\/","logo":{"@type":"ImageObject","inLanguage":"en-US","@id":"https:\/\/www.sdcolor.it\/en\/#\/schema\/logo\/image\/","url":"https:\/\/www.sdcolor.it\/wp-content\/uploads\/2019\/07\/logo.png","contentUrl":"https:\/\/www.sdcolor.it\/wp-content\/uploads\/2019\/07\/logo.png","width":200,"height":98,"caption":"SD Color"},"image":{"@id":"https:\/\/www.sdcolor.it\/en\/#\/schema\/logo\/image\/"},"sameAs":["https:\/\/www.facebook.com\/sdcolor.ipv"]}]}},"_links":{"self":[{"href":"https:\/\/www.sdcolor.it\/en\/wp-json\/wp\/v2\/pages\/3585"}],"collection":[{"href":"https:\/\/www.sdcolor.it\/en\/wp-json\/wp\/v2\/pages"}],"about":[{"href":"https:\/\/www.sdcolor.it\/en\/wp-json\/wp\/v2\/types\/page"}],"author":[{"embeddable":true,"href":"https:\/\/www.sdcolor.it\/en\/wp-json\/wp\/v2\/users\/1"}],"replies":[{"embeddable":true,"href":"https:\/\/www.sdcolor.it\/en\/wp-json\/wp\/v2\/comments?post=3585"}],"version-history":[{"count":0,"href":"https:\/\/www.sdcolor.it\/en\/wp-json\/wp\/v2\/pages\/3585\/revisions"}],"wp:attachment":[{"href":"https:\/\/www.sdcolor.it\/en\/wp-json\/wp\/v2\/media?parent=3585"}],"curies":[{"name":"wp","href":"https:\/\/api.w.org\/{rel}","templated":true}]}}